{"id":3084,"date":"2023-11-26T07:13:41","date_gmt":"2023-11-26T17:13:41","guid":{"rendered":"https:\/\/mudphudmama.com\/acerca-de\/"},"modified":"2024-12-10T16:46:08","modified_gmt":"2024-12-11T02:46:08","slug":"acerca-de","status":"publish","type":"page","link":"https:\/\/mudphudmama.com\/es\/acerca-de\/","title":{"rendered":"Acerca de"},"content":{"rendered":"\t\t<div data-elementor-type=\"wp-page\" data-elementor-id=\"3084\" class=\"elementor elementor-3084 elementor-8\" data-elementor-post-type=\"page\">\n\t\t\t\t<div class=\"elementor-element elementor-element-a245619 e-flex e-con-boxed e-con e-parent\" data-id=\"a245619\" data-element_type=\"container\">\n\t\t\t\t\t<div class=\"e-con-inner\">\n\t\t<div class=\"elementor-element elementor-element-0b6f710 e-con-full e-flex e-con e-child\" data-id=\"0b6f710\" data-element_type=\"container\">\n\t\t\t\t<div class=\"elementor-element elementor-element-a216945 elementor-position-top elementor-widget elementor-widget-image-box\" data-id=\"a216945\" data-element_type=\"widget\" data-widget_type=\"image-box.default\">\n\t\t\t\t<div class=\"elementor-widget-container\">\n\t\t\t\t\t<div class=\"elementor-image-box-wrapper\"><figure class=\"elementor-image-box-img\"><img fetchpriority=\"high\" decoding=\"async\" width=\"443\" height=\"593\" src=\"https:\/\/mudphudmama.com\/wp-content\/uploads\/2023\/12\/IMG_2708-1.jpeg\" class=\"attachment-full size-full wp-image-351\" alt=\"Comic book art depiction of Dr. Casimiro in Loteria card style depicting the caption &quot;La Doctora&quot;\" srcset=\"https:\/\/mudphudmama.com\/wp-content\/uploads\/2023\/12\/IMG_2708-1.jpeg 443w, https:\/\/mudphudmama.com\/wp-content\/uploads\/2023\/12\/IMG_2708-1-224x300.jpeg 224w\" sizes=\"(max-width: 443px) 100vw, 443px\" \/><\/figure><div class=\"elementor-image-box-content\"><h1 class=\"elementor-image-box-title\">Acerca de MuDPhuD Mama<\/h1><\/div><\/div>\t\t\t\t<\/div>\n\t\t\t\t<\/div>\n\t\t\t\t<\/div>\n\t\t\t\t<div class=\"elementor-element elementor-element-b18d1fe elementor-widget elementor-widget-text-editor\" data-id=\"b18d1fe\" data-element_type=\"widget\" data-widget_type=\"text-editor.default\">\n\t\t\t\t<div class=\"elementor-widget-container\">\n\t\t\t\t\t\t\t\t\t<p style=\"padding: 0;\">La Dra. Isabel Casimiro es una endocrin\u00f3loga formada como m\u00e9dico-cient\u00edfica a la que le apasiona reducir las enfermedades metab\u00f3licas mediante la educaci\u00f3n sanitaria y la atenci\u00f3n m\u00e9dica integral.<\/p>\n<p> <\/p>\n<p style=\"padding: 0;\">La investigaci\u00f3n de la Dra. Casimiro ha aumentado nuestra comprensi\u00f3n de las v\u00edas implicadas en la inflamaci\u00f3n del tejido adiposo en el contexto de las enfermedades metab\u00f3licas. Es originaria de Los \u00c1ngeles y Compton, California, y actualmente reside en Hawai\u02bbi con su c\u00f3nyuge, sus dos hijos, su gato y sus gallinas. <\/p>\n<p><\/p>\n<p><\/p>\n<p style=\"padding: 0;\">A lo largo de su carrera, la Dra. Casimiro ha participado en iniciativas para captar y retener a minor\u00edas infrarrepresentadas en la medicina. Est\u00e1 profundamente implicada en iniciativas educativas, ejerciendo como Profesora Cl\u00ednica Adjunta en la Facultad de Medicina Burns de la Universidad de Hawai. <\/p>\n<p> <\/p>\n<p style=\"padding: 0;\">Sus \u00e1reas de especializaci\u00f3n son la endocrinolog\u00eda general, las enfermedades tiroideas, la atenci\u00f3n a las mujeres y los trastornos metab\u00f3licos como la diabetes, la obesidad y las enfermedades lip\u00eddicas. La Dra. Casimiro es revisora de revistas m\u00e9dicas y miembro de los consejos asesores m\u00e9dicos de verywell.com y health.com. Es asesora docente de la organizaci\u00f3n sin \u00e1nimo de lucro <a href=\"\" target=\"\" rel=\"\">Healthy Steps Hawaii<\/a>.  <\/p>\t\t\t\t\t\t\t\t<\/div>\n\t\t\t\t<\/div>\n\t\t\t\t<div class=\"elementor-element elementor-element-a855562 elementor-widget elementor-widget-spacer\" data-id=\"a855562\" data-element_type=\"widget\" data-widget_type=\"spacer.default\">\n\t\t\t\t<div class=\"elementor-widget-container\">\n\t\t\t\t\t\t\t<div class=\"elementor-spacer\">\n\t\t\t<div class=\"elementor-spacer-inner\"><\/div>\n\t\t<\/div>\n\t\t\t\t\t\t<\/div>\n\t\t\t\t<\/div>\n\t\t\t\t<div class=\"elementor-element elementor-element-29bb269 elementor-widget elementor-widget-heading\" data-id=\"29bb269\" data-element_type=\"widget\" data-widget_type=\"heading.default\">\n\t\t\t\t<div class=\"elementor-widget-container\">\n\t\t\t\t\t<h2 class=\"elementor-heading-title elementor-size-default\">Educaci\u00f3n<\/h2>\t\t\t\t<\/div>\n\t\t\t\t<\/div>\n\t\t<div class=\"elementor-element elementor-element-7d84bd2 e-con-full e-flex e-con e-child\" data-id=\"7d84bd2\" data-element_type=\"container\">\n\t\t\t\t<div class=\"elementor-element elementor-element-ecc1953 elementor-widget elementor-widget-text-editor\" data-id=\"ecc1953\" data-element_type=\"widget\" data-widget_type=\"text-editor.default\">\n\t\t\t\t<div class=\"elementor-widget-container\">\n\t\t\t\t\t\t\t\t\t<p> <\/p>\n<ul class=\"wp-block-list\">\n<li style=\"list-style-type: none;\">\n<ul class=\"wp-block-list\">\n<li style=\"line-height: 1.6;\">Licenciatura en Ciencias por la Universidad Estatal de California Chico<\/li>\n<\/ul>\n<\/li>\n<\/ul>\n<p><\/p>\n<p><\/p>\n<ul class=\"wp-block-list\">\n<li style=\"list-style-type: none;\">\n<ul class=\"wp-block-list\">\n<li style=\"line-height: 1.6;\">Universidad Estatal de San Francisco (IP: Dra. Leticia M\u00e1rquez-Maga\u00f1a), M.S.<\/li>\n<\/ul>\n<\/li>\n<\/ul>\n<p><\/p>\n<p><\/p>\n<ul class=\"wp-block-list\">\n<li style=\"list-style-type: none;\">\n<ul class=\"wp-block-list\">\n<li style=\"line-height: 1.6;\">Facultad de Medicina Albert Einstein (IP: Dr. Nicholas Sibinga), PhD<\/li>\n<\/ul>\n<\/li>\n<\/ul>\n<p><\/p>\n<p><\/p>\n<ul class=\"wp-block-list\">\n<li style=\"list-style-type: none;\">\n<ul class=\"wp-block-list\">\n<li style=\"line-height: 1.6;\">Facultad de Medicina de la Universidad de Washington, MD<\/li>\n<\/ul>\n<\/li>\n<\/ul>\n<p><\/p>\n<p><\/p>\n<ul class=\"wp-block-list\">\n<li style=\"list-style-type: none;\">\n<ul class=\"wp-block-list\">\n<li style=\"line-height: 1.6;\">Pr\u00e1cticas: Universidad de Medicina de Chicago<\/li>\n<\/ul>\n<\/li>\n<\/ul>\n<p><\/p>\n<p><\/p>\n<ul class=\"wp-block-list\">\n<li style=\"list-style-type: none;\">\n<ul class=\"wp-block-list\">\n<li style=\"line-height: 1.6;\">Universidad de Medicina de Chicago, Residencia en Medicina Interna<\/li>\n<\/ul>\n<\/li>\n<\/ul>\n<p><\/p>\n<p><\/p>\n<ul class=\"wp-block-list\">\n<li style=\"list-style-type: none;\">\n<ul class=\"wp-block-list\">\n<li style=\"line-height: 1.6;\">Universidad de Medicina de Chicago, Beca de Endocrinolog\u00eda<\/li>\n<\/ul>\n<\/li>\n<\/ul>\n<p><\/p>\n<p><\/p>\n<ul class=\"wp-block-list\">\n<li style=\"list-style-type: none;\">\n<ul class=\"wp-block-list\">\n<li style=\"line-height: 1.6;\">Programa de Desarrollo de Cient\u00edficos M\u00e9dicos, Universidad de Chicago (IP: Dr. Matthew Brady y Dr. Raghavendra Mirmira), Beca posdoctoral.<\/li>\n<\/ul>\n<\/li>\n<\/ul>\n<p><\/p>\n<p><\/p>\n<p><\/p>\n<ul class=\"wp-block-list\">\n<li style=\"list-style-type: none;\"> <\/li>\n<\/ul>\t\t\t\t\t\t\t\t<\/div>\n\t\t\t\t<\/div>\n\t\t\t\t<div class=\"elementor-element elementor-element-3095b42 elementor-widget elementor-widget-spacer\" data-id=\"3095b42\" data-element_type=\"widget\" data-widget_type=\"spacer.default\">\n\t\t\t\t<div class=\"elementor-widget-container\">\n\t\t\t\t\t\t\t<div class=\"elementor-spacer\">\n\t\t\t<div class=\"elementor-spacer-inner\"><\/div>\n\t\t<\/div>\n\t\t\t\t\t\t<\/div>\n\t\t\t\t<\/div>\n\t\t\t\t<div class=\"elementor-element elementor-element-e261ddd elementor-widget elementor-widget-heading\" data-id=\"e261ddd\" data-element_type=\"widget\" data-widget_type=\"heading.default\">\n\t\t\t\t<div class=\"elementor-widget-container\">\n\t\t\t\t\t<h2 class=\"elementor-heading-title elementor-size-default\">Formaci\u00f3n<\/h2>\t\t\t\t<\/div>\n\t\t\t\t<\/div>\n\t\t\t\t<\/div>\n\t\t\t\t<div class=\"elementor-element elementor-element-6aa7422 elementor-widget elementor-widget-text-editor\" data-id=\"6aa7422\" data-element_type=\"widget\" data-widget_type=\"text-editor.default\">\n\t\t\t\t<div class=\"elementor-widget-container\">\n\t\t\t\t\t\t\t\t\t<p><\/p>\n<ul class=\"wp-block-list\">\n<li style=\"list-style-type: none;\">\n<ul class=\"wp-block-list\">\n<li style=\"line-height: 1.6;\">Residencia: Medicina Interna<\/li>\n<li>Beca: Endocrinolog\u00eda, Diabetes y Metabolismo<\/li>\n<li>Beca posdoctoral: La investigaci\u00f3n del Dr. Casimiro se centr\u00f3 en comprender las v\u00edas moleculares implicadas en la disfunci\u00f3n del tejido adiposo (grasa) en el contexto de la diabetes tipo 2 y la obesidad.<\/li><\/ul><\/li><\/ul>\t\t\t\t\t\t\t\t<\/div>\n\t\t\t\t<\/div>\n\t\t\t\t<div class=\"elementor-element elementor-element-2d306d9 elementor-widget elementor-widget-spacer\" data-id=\"2d306d9\" data-element_type=\"widget\" data-widget_type=\"spacer.default\">\n\t\t\t\t<div class=\"elementor-widget-container\">\n\t\t\t\t\t\t\t<div class=\"elementor-spacer\">\n\t\t\t<div class=\"elementor-spacer-inner\"><\/div>\n\t\t<\/div>\n\t\t\t\t\t\t<\/div>\n\t\t\t\t<\/div>\n\t\t\t\t<div class=\"elementor-element elementor-element-95b0ea1 elementor-widget elementor-widget-heading\" data-id=\"95b0ea1\" data-element_type=\"widget\" data-widget_type=\"heading.default\">\n\t\t\t\t<div class=\"elementor-widget-container\">\n\t\t\t\t\t<h2 class=\"elementor-heading-title elementor-size-default\">Publicaciones clave<\/h2>\t\t\t\t<\/div>\n\t\t\t\t<\/div>\n\t\t\t\t\t<\/div>\n\t\t\t\t<\/div>\n\t\t<div class=\"elementor-element elementor-element-aa6c487 e-flex e-con-boxed e-con e-parent\" data-id=\"aa6c487\" data-element_type=\"container\">\n\t\t\t\t\t<div class=\"e-con-inner\">\n\t\t\t\t<div class=\"elementor-element elementor-element-f1fdff4 elementor-widget elementor-widget-text-editor\" data-id=\"f1fdff4\" data-element_type=\"widget\" data-widget_type=\"text-editor.default\">\n\t\t\t\t<div class=\"elementor-widget-container\">\n\t\t\t\t\t\t\t\t\t<ul class=\"wp-block-list\">\n<li><a href=\"https:\/\/www.nature.com\/articles\/s41467-022-35683-7\">Aumento de los niveles de catecolaminas adiposas y protecci\u00f3n frente a la obesidad con la p\u00e9rdida del Factor Inflamatorio de Aloinjerto-1<\/a>.<em>  Nat Commun. 2023. <\/em><\/li>\n<li><a href=\"https:\/\/www.sciencedirect.com\/science\/article\/pii\/S1056872720305894?via%3Dihub\">Dimorfismo sexual fenot\u00edpico en respuesta a la manipulaci\u00f3n de la grasa diet\u00e9tica en ratones C57BL\/6J<\/a>. <em>J Diabetes Complications. <\/em>2021.<\/li>\n<li><a href=\"https:\/\/www.ncbi.nlm.nih.gov\/pmc\/articles\/PMC7156876\/pdf\/OSP4-6-215.pdf\">Reducci\u00f3n de la expresi\u00f3n g\u00e9nica de la IL-6 en el tejido adiposo humano tras la cirug\u00eda de gastrectom\u00eda en manga<\/a>. <em>Obes Sci Pract.<\/em> 2020.<\/li>\n<li><a href=\"https:\/\/www.ncbi.nlm.nih.gov\/pmc\/articles\/PMC6536581\/\">Implicaciones endocrinas de la cirug\u00eda bari\u00e1trica: una revisi\u00f3n sobre la intersecci\u00f3n entre incretinas, hueso y hormonas<\/a> sexuales. <em>Physiol Rep.<\/em> 2019.<\/li>\n<li><a href=\"https:\/\/www.mdpi.com\/2218-273X\/11\/5\/717\">Regulaci\u00f3n de la Inflamaci\u00f3n Tisular por las 12-Lipoxigenasas<\/a>. <em>Biomolecules<\/em>. 2021. <\/li>\n<li><a href=\"https:\/\/journals.lww.com\/ajg\/abstract\/2022\/06000\/digestive_health_in_sexual_and_gender_minority.16.aspx\">La Salud Digestiva en las Minor\u00edas Sexuales y de G\u00e9nero<\/a>. <em>Am J Gastroenterol. <\/em>2022.<\/li>\n<\/ul>\t\t\t\t\t\t\t\t<\/div>\n\t\t\t\t<\/div>\n\t\t\t\t<div class=\"elementor-element elementor-element-8345d47 elementor-widget elementor-widget-spacer\" data-id=\"8345d47\" data-element_type=\"widget\" data-widget_type=\"spacer.default\">\n\t\t\t\t<div class=\"elementor-widget-container\">\n\t\t\t\t\t\t\t<div class=\"elementor-spacer\">\n\t\t\t<div class=\"elementor-spacer-inner\"><\/div>\n\t\t<\/div>\n\t\t\t\t\t\t<\/div>\n\t\t\t\t<\/div>\n\t\t\t\t<div class=\"elementor-element elementor-element-0e16523 elementor-widget-divider--view-line elementor-widget elementor-widget-divider\" data-id=\"0e16523\" data-element_type=\"widget\" data-widget_type=\"divider.default\">\n\t\t\t\t<div class=\"elementor-widget-container\">\n\t\t\t\t\t\t\t<div class=\"elementor-divider\">\n\t\t\t<span class=\"elementor-divider-separator\">\n\t\t\t\t\t\t<\/span>\n\t\t<\/div>\n\t\t\t\t\t\t<\/div>\n\t\t\t\t<\/div>\n\t\t\t\t<div class=\"elementor-element elementor-element-15ac599 elementor-widget elementor-widget-heading\" data-id=\"15ac599\" data-element_type=\"widget\" data-widget_type=\"heading.default\">\n\t\t\t\t<div class=\"elementor-widget-container\">\n\t\t\t\t\t<h2 class=\"elementor-heading-title elementor-size-default\">Divulgaci\u00f3n<\/h2>\t\t\t\t<\/div>\n\t\t\t\t<\/div>\n\t\t\t\t<div class=\"elementor-element elementor-element-6662a97 elementor-widget elementor-widget-text-editor\" data-id=\"6662a97\" data-element_type=\"widget\" data-widget_type=\"text-editor.default\">\n\t\t\t\t<div class=\"elementor-widget-container\">\n\t\t\t\t\t\t\t\t\t<p>Este contenido s\u00f3lo tiene fines informativos y educativos y refleja las opiniones de la Dra. Isabel Casimiro. Sus perspectivas son propias y no representan necesariamente las de su empleador u organizaciones afiliadas. Este sitio no ofrece asesoramiento, diagn\u00f3stico o tratamiento m\u00e9dico personalizado. Consulta a un profesional sanitario si tienes problemas de salud espec\u00edficos.    Lee m\u00e1s sobre nuestra pol\u00edtica de privacidad <a href=\"https:\/\/mudphudmama.com\/es\/politica-de-privacidad-y-divulgacion\/\">aqu\u00ed<\/a>.<\/p>\n<p>El Dr. Casimiro forma parte de los consejos asesores de <a href=\"https:\/\/www.deizero.com\/\">Deizero<\/a>, <a href=\"https:\/\/www.verywellhealth.com\/\">verywellhealth.com<\/a> y <a href=\"https:\/\/www.health.com\/\">health.com<\/a>.  <\/p>\n\t\t\t\t\t\t\t\t<\/div>\n\t\t\t\t<\/div>\n\t\t\t\t<div class=\"elementor-element elementor-element-4c44866 elementor-widget elementor-widget-spacer\" data-id=\"4c44866\" data-element_type=\"widget\" data-widget_type=\"spacer.default\">\n\t\t\t\t<div class=\"elementor-widget-container\">\n\t\t\t\t\t\t\t<div class=\"elementor-spacer\">\n\t\t\t<div class=\"elementor-spacer-inner\"><\/div>\n\t\t<\/div>\n\t\t\t\t\t\t<\/div>\n\t\t\t\t<\/div>\n\t\t\t\t\t<\/div>\n\t\t\t\t<\/div>\n\t\t\t\t<\/div>\n\t\t","protected":false},"excerpt":{"rendered":"<p>Acerca de MuDPhuD Mama La Dra. Isabel Casimiro es una endocrin\u00f3loga entrenada como m\u00e9dico-cient\u00edfica a la que le apasiona reducir las enfermedades metab\u00f3licas mediante la educaci\u00f3n y la atenci\u00f3n m\u00e9dica integral. La investigaci\u00f3n de la Dra. Casimiro ha aumentado nuestra comprensi\u00f3n de las v\u00edas implicadas en la inflamaci\u00f3n del tejido adiposo en el contexto de [&hellip;]<\/p>\n","protected":false},"author":1,"featured_media":0,"parent":0,"menu_order":0,"comment_status":"closed","ping_status":"closed","template":"","meta":{"_monsterinsights_skip_tracking":false,"_monsterinsights_sitenote_active":false,"_monsterinsights_sitenote_note":"","_monsterinsights_sitenote_category":0,"footnotes":""},"class_list":["post-3084","page","type-page","status-publish","hentry"],"aioseo_notices":[],"_links":{"self":[{"href":"https:\/\/mudphudmama.com\/es\/wp-json\/wp\/v2\/pages\/3084","targetHints":{"allow":["GET"]}}],"collection":[{"href":"https:\/\/mudphudmama.com\/es\/wp-json\/wp\/v2\/pages"}],"about":[{"href":"https:\/\/mudphudmama.com\/es\/wp-json\/wp\/v2\/types\/page"}],"author":[{"embeddable":true,"href":"https:\/\/mudphudmama.com\/es\/wp-json\/wp\/v2\/users\/1"}],"replies":[{"embeddable":true,"href":"https:\/\/mudphudmama.com\/es\/wp-json\/wp\/v2\/comments?post=3084"}],"version-history":[{"count":13,"href":"https:\/\/mudphudmama.com\/es\/wp-json\/wp\/v2\/pages\/3084\/revisions"}],"predecessor-version":[{"id":3706,"href":"https:\/\/mudphudmama.com\/es\/wp-json\/wp\/v2\/pages\/3084\/revisions\/3706"}],"wp:attachment":[{"href":"https:\/\/mudphudmama.com\/es\/wp-json\/wp\/v2\/media?parent=3084"}],"curies":[{"name":"wp","href":"https:\/\/api.w.org\/{rel}","templated":true}]}}